{"id":2,"date":"2024-05-09T18:00:10","date_gmt":"2024-05-09T16:00:10","guid":{"rendered":"https:\/\/www.skapaforsservetthistoria.se\/?page_id=2"},"modified":"2024-05-09T19:25:24","modified_gmt":"2024-05-09T17:25:24","slug":"exempelsida","status":"publish","type":"page","link":"https:\/\/www.skapaforsservetthistoria.se\/?page_id=2","title":{"rendered":"Sk\u00e5pafors Servetthistoria om Duni Sk\u00e5pafors"},"content":{"rendered":"\n<p>Servettillverkningen startade 1953 och har en mer \u00e4n 50-\u00e5rig verksamhet, startade i liten skala och utvecklades till en av Europas och v\u00e4rldens ledande servettillverkning inom mjukpapper. Familjen Bonnier k\u00f6pte f\u00f6retaget 1949 och har sedan framg\u00e5ngsrikt utvecklat servettillverkningen, ut\u00f6kat med konverteringsfabriker i Tyskland, England, Frankrike och under senare \u00e5r \u00e4ven i polen. Frankrike och England \u00e4r nedlagda, Bonnier s\u00e5lde successivt Duni till EQT och f\u00f6ruts\u00e4ttningarna f\u00f6r\u00e4ndrades, produktion skulle ligga n\u00e4rmare den Europeiska marknaden, billigare arbetskraft i Polen etc. Detta fick till f\u00f6ljd tillverkningen av servetter och dukar lades ner 1 juni 2005.<\/p>\n\n\n\n<p>N\u00e4r servettillverkningen vid Duni i Sk\u00e5pafors lade ner skapade det m\u00e5nga reaktioner \u2013 inte minst fr\u00e5n de anst\u00e4llda. Ur den besvikelse och ilska de fabriksanst\u00e4llda k\u00e4nde v\u00e4cktes ett positivt projekt: Utan historia ingen framtid, servettillverkningen som industriepok i Bengtsfors kommun m\u00e5ste dokumenteras.<\/p>\n\n\n\n<p>Sedan i juli 2005 har en liten grupp med mycket sm\u00e5 medel till f\u00f6rfogande b\u00f6rjat forska bland tidningsklipp i tidningen Dalsl\u00e4nningen, intervjuat tidigare anst\u00e4llda och samlat annat material.<\/p>\n\n\n\n<p>F\u00f6reningen har \u00e4ven haft utst\u00e4llning i Bengtsfors Konsthall och Dalsland Center i H\u00e5verud tillsammans med Bengtsfors Bils\u00e4tesveterner. 2017 sl\u00e4ppte f\u00f6reningen \u00e4ven en boken &#8221;Vi satte f\u00e4rg p\u00e5 tillvaron&#8221; med underrubriken R\u00f6ster fr\u00e5n arbetslivet Duni Sk\u00e5pafors.<\/p>\n\n\n\n<p>I den ger f\u00f6rfattarna G\u00f6te Almgren, B\u00f6rje Nilsson, Annelie N\u00e4tth och Barbro Svensson sina bilder av arbetet och k\u00e4nslorna efter nedl\u00e4ggningsbeskedet. Boken \u00e4r rikt illustrerad med m\u00e5nga fotografier.<\/p>\n\n\n\n<p>Duni \/ Rexcell tillverkar fortfarande mjukpapper och Air-laid material i Sk\u00e5pafors.<\/p>\n\n\n\n<figure class=\"wp-block-image size-large\"><img loading=\"lazy\" decoding=\"async\" width=\"1024\" height=\"631\" src=\"https:\/\/www.skapaforsservetthistoria.se\/wp-content\/uploads\/2024\/05\/DuniSkapaforsServetthistoriaWEB-1024x631.png\" alt=\"\" class=\"wp-image-8\" srcset=\"https:\/\/www.skapaforsservetthistoria.se\/wp-content\/uploads\/2024\/05\/DuniSkapaforsServetthistoriaWEB-1024x631.png 1024w, https:\/\/www.skapaforsservetthistoria.se\/wp-content\/uploads\/2024\/05\/DuniSkapaforsServetthistoriaWEB-300x185.png 300w, https:\/\/www.skapaforsservetthistoria.se\/wp-content\/uploads\/2024\/05\/DuniSkapaforsServetthistoriaWEB-768x473.png 768w, https:\/\/www.skapaforsservetthistoria.se\/wp-content\/uploads\/2024\/05\/DuniSkapaforsServetthistoriaWEB-1536x946.png 1536w, https:\/\/www.skapaforsservetthistoria.se\/wp-content\/uploads\/2024\/05\/DuniSkapaforsServetthistoriaWEB-340x210.png 340w, https:\/\/www.skapaforsservetthistoria.se\/wp-content\/uploads\/2024\/05\/DuniSkapaforsServetthistoriaWEB.png 2000w\" sizes=\"auto, (max-width: 1024px) 100vw, 1024px\" \/><\/figure>\n\n\n\n<p><\/p>\n","protected":false},"excerpt":{"rendered":"<p>Servettillverkningen startade 1953 och har en mer \u00e4n 50-\u00e5rig verksamhet, startade i liten skala och utvecklades till en av Europas och v\u00e4rldens ledande servettillverkning inom mjukpapper. Familjen Bonnier k\u00f6pte f\u00f6retaget 1949 och har sedan framg\u00e5ngsrikt utvecklat servettillverkningen, ut\u00f6kat med konverteringsfabriker i Tyskland, England, Frankrike och under senare \u00e5r \u00e4ven i polen. Frankrike och England \u00e4r [&hellip;]<\/p>\n","protected":false},"author":1,"featured_media":0,"parent":0,"menu_order":0,"comment_status":"closed","ping_status":"open","template":"","meta":{"footnotes":""},"class_list":["post-2","page","type-page","status-publish","hentry"],"_links":{"self":[{"href":"https:\/\/www.skapaforsservetthistoria.se\/index.php?rest_route=\/wp\/v2\/pages\/2","targetHints":{"allow":["GET"]}}],"collection":[{"href":"https:\/\/www.skapaforsservetthistoria.se\/index.php?rest_route=\/wp\/v2\/pages"}],"about":[{"href":"https:\/\/www.skapaforsservetthistoria.se\/index.php?rest_route=\/wp\/v2\/types\/page"}],"author":[{"embeddable":true,"href":"https:\/\/www.skapaforsservetthistoria.se\/index.php?rest_route=\/wp\/v2\/users\/1"}],"replies":[{"embeddable":true,"href":"https:\/\/www.skapaforsservetthistoria.se\/index.php?rest_route=%2Fwp%2Fv2%2Fcomments&post=2"}],"version-history":[{"count":4,"href":"https:\/\/www.skapaforsservetthistoria.se\/index.php?rest_route=\/wp\/v2\/pages\/2\/revisions"}],"predecessor-version":[{"id":24,"href":"https:\/\/www.skapaforsservetthistoria.se\/index.php?rest_route=\/wp\/v2\/pages\/2\/revisions\/24"}],"wp:attachment":[{"href":"https:\/\/www.skapaforsservetthistoria.se\/index.php?rest_route=%2Fwp%2Fv2%2Fmedia&parent=2"}],"curies":[{"name":"wp","href":"https:\/\/api.w.org\/{rel}","templated":true}]}}